{"id":36,"date":"2018-06-07T02:01:32","date_gmt":"2018-06-07T00:01:32","guid":{"rendered":"http:\/\/sat4update.net\/?page_id=36"},"modified":"2020-11-07T16:01:37","modified_gmt":"2020-11-07T15:01:37","slug":"loader-et-lsite-des-chaines","status":"publish","type":"page","link":"https:\/\/sat4update.net\/?page_id=36","title":{"rendered":"loader et liste des chaines"},"content":{"rendered":"<style type=\"text\/css\">\r\n\t.ads_top_disp{}\r\n\t.ads_top_corner_disp{ float:left; margin:0px 10px 10px 0px; }\r\n\t.ads_first_p_disp{}\r\n\t.ads_bottom_disp{}\r\n\t<\/style><table style=\"border-collapse: collapse; width: 100%; height: 668px;\" border=\"1\">\n<tbody>\n<tr style=\"height: 23px;\">\n<td style=\"width: 49.8788%; border-style: groove; height: 23px;\">\n<table style=\"border-collapse: collapse; width: 100%;\" border=\"1\">\n<tbody>\n<tr>\n<td style=\"width: 100%; text-align: center;\"><strong><span style=\"color: #ff0000;\">Loader &#8211; guide<\/span><\/strong><\/td>\n<\/tr>\n<\/tbody>\n<\/table>\n<\/td>\n<td style=\"width: 50.1212%; border-style: groove; height: 23px;\">\n<table style=\"border-collapse: collapse; width: 100%;\" border=\"1\">\n<tbody>\n<tr>\n<td style=\"width: 100%; text-align: center;\"><strong><span style=\"color: #ff0000;\">MODEL<\/span><\/strong><\/td>\n<\/tr>\n<\/tbody>\n<\/table>\n<\/td>\n<\/tr>\n<tr style=\"height: 19px;\">\n<td style=\"width: 49.8788%; border-style: groove; height: 19px;\"><span style=\"color: #0000ff;\"><a style=\"color: #0000ff;\" href=\"http:\/\/sat4update.net\/wp-content\/uploads\/2018\/06\/raylan_dragon_tm40_tm140_2.zip\">dragon compatible et \u00e9quivalent pour model: TM40-TM140- TM280- TE40- TE140<\/a><\/span><\/td>\n<td style=\"width: 50.1212%; border-style: groove; height: 19px;\">utilis\u00e9 pour model TM40- TM140 -TE40 HD plus- TE140- veuillez suivre le guide. <img decoding=\"async\" class=\"alignright wp-image-315\" src=\"http:\/\/sat4update.net\/wp-content\/uploads\/2018\/12\/tnew5_e0.gif\" alt=\"\" width=\"49\" height=\"18\" \/><\/td>\n<\/tr>\n<tr style=\"height: 19px;\">\n<td style=\"width: 49.8788%; border-style: groove; height: 19px;\"><span style=\"color: #0000ff;\"><a style=\"color: #0000ff;\" href=\"https:\/\/mega.nz\/#!Ec5yUDrD!0qcioPneY2eBgpK9Vh8ITJ2r2qEfdh1Ud3D8Y53dlq0\">guide loader dragon \u00e9quivalent pour\u00a0 TM40-TM140<\/a><\/span><\/td>\n<td style=\"width: 50.1212%; border-style: groove; height: 19px;\">guide loader Dragon TM40-TM140 (CPU MT6001)<\/td>\n<\/tr>\n<tr style=\"height: 52px;\">\n<td style=\"width: 49.8788%; border-style: groove; height: 52px;\"><a href=\"https:\/\/www.youtube.com\/watch?v=7VlSQSgUPPI\"><span style=\"color: #0000ff;\">guide loader dragon \u00e9quivalent pour TE40 hd plus- TE140<\/span><\/a><\/td>\n<td style=\"width: 50.1212%; border-style: groove; height: 52px;\">guide loader Dragon TE40 HD plus- TE140 (CPU MT8001) <img decoding=\"async\" class=\"alignright wp-image-315\" src=\"http:\/\/sat4update.net\/wp-content\/uploads\/2018\/12\/tnew5_e0.gif\" alt=\"\" width=\"49\" height=\"18\" \/><\/td>\n<\/tr>\n<tr style=\"height: 19px;\">\n<td style=\"width: 49.8788%; border-style: groove; height: 19px;\"><span style=\"color: #0000ff;\"><a style=\"color: #0000ff;\" href=\"https:\/\/mega.nz\/#!kQZ2CBiB!7ZovlSwXjWaFmkPlKJsvpyrOl1gWlPxoMRp-l5be0HE\">Gxdownoader \u00e9quivalent pour Redline Tg7000<\/a><\/span><\/td>\n<td style=\"width: 50.1212%; border-style: groove; height: 19px;\">loader Redline TG7000<\/td>\n<\/tr>\n<tr style=\"height: 59px;\">\n<td style=\"width: 49.8788%; border-style: groove; height: 59px;\"><span style=\"color: #0000ff;\"><a style=\"color: #0000ff;\" href=\"http:\/\/sat4update.net\/wp-content\/uploads\/2018\/06\/Sunplus_Uart_ISP-TL_Loader.rar\">Sunplus_Uart_ISP-TL_Loader.rar<\/a><\/span><\/p>\n<p><span style=\"color: #0000ff;\"><a style=\"color: #0000ff;\" href=\"http:\/\/sat4update.net\/wp-content\/uploads\/2019\/11\/loader-stb-sunplus-develop-Tool_v1.5.0.8.zip\">loader stb sunplus develop Tool_v1.5.0.8<\/a><\/span><\/td>\n<td style=\"width: 50.1212%; border-style: groove; height: 59px;\"><span style=\"font-size: 10pt;\">02 loader \u00e9quivalent\u00a0Raylan TLX100-7200-7500- <\/span><span style=\"font-size: 10pt;\">Redline TS5500- TS2200 <img decoding=\"async\" class=\"alignright wp-image-315\" src=\"http:\/\/sat4update.net\/wp-content\/uploads\/2018\/12\/tnew5_e0.gif\" alt=\"\" width=\"49\" height=\"18\" \/><\/span><\/td>\n<\/tr>\n<tr style=\"height: 20px;\">\n<td style=\"width: 49.8788%; border-style: groove; height: 20px;\"><span style=\"color: #0000ff;\"><a style=\"color: #0000ff;\" href=\"http:\/\/sat4update.net\/wp-content\/uploads\/2018\/06\/manuel_UARTLOADER.rar\">manuel_UARTLOADER.rar<\/a><br \/>\n<\/span><\/td>\n<td style=\"width: 50.1212%; height: 20px;\">manuel d\u2019utilisation loader uart pour CPU sunplus<\/td>\n<\/tr>\n<tr style=\"height: 18px;\">\n<td style=\"width: 49.8788%; border-style: groove; height: 18px;\"><span style=\"color: #0000ff;\"><a href=\"http:\/\/sat4update.net\/wp-content\/uploads\/2020\/07\/ali_bootloader_upgrade.7z\" style=\"color: #0000ff;\">ali_bootloader_upgrade \u00e9quivalent\u00a0(RR-YS9)<\/a><\/span><\/td>\n<td style=\"width: 50.1212%; height: 18px;\">Loader \u00e9quivalent\u00a0 et compatible RR-YS9 pour passer mise a jour par cable<img decoding=\"async\" class=\"alignright wp-image-315\" src=\"http:\/\/sat4update.net\/wp-content\/uploads\/2018\/12\/tnew5_e0.gif\" alt=\"\" width=\"49\" height=\"18\" \/><\/td>\n<\/tr>\n<tr style=\"height: 50px;\">\n<td style=\"width: 49.8788%; border-style: groove; height: 50px;\"><span style=\"color: #0000ff;\"><a href=\"http:\/\/sat4update.net\/wp-content\/uploads\/2020\/07\/STBEditor.zip\" style=\"color: #0000ff;\">STBEditor equivalent (RR-YS9)<\/a><\/span><\/td>\n<td style=\"width: 50.1212%; height: 50px;\">Logiciel gestion des cha\u00eenes \u00e9quivalent\u00a0pour RR-YS9 et clone<br \/>\n<img decoding=\"async\" class=\"alignright wp-image-315\" src=\"http:\/\/sat4update.net\/wp-content\/uploads\/2018\/12\/tnew5_e0.gif\" alt=\"\" width=\"49\" height=\"18\" \/><\/td>\n<\/tr>\n<tr style=\"height: 20px;\">\n<td style=\"width: 49.8788%; border-style: groove; text-align: center; height: 20px;\"><span style=\"color: #0000ff;\"><strong><span style=\"color: #ff0000;\">Liste des chaines<\/span><\/strong><\/span><\/td>\n<td style=\"width: 50.1212%; text-align: center; height: 20px;\"><strong><span style=\"color: #ff0000;\">MODEL<\/span><\/strong><\/td>\n<\/tr>\n<tr style=\"height: 39px;\">\n<td style=\"width: 49.8788%; border-style: groove; height: 39px;\"><span style=\"color: #0000ff;\"><a style=\"color: #0000ff;\" href=\"http:\/\/sat4update.net\/wp-content\/uploads\/2018\/06\/chaine-TM40-TM140-astra-nil-atlantic5-09-06-2018.rar\">chaine \u00e9quivalent et compatible pour TM40+ TM140 astra nil atlantic5 09-06-2018<\/a><\/span><\/td>\n<td style=\"width: 50.1212%; height: 39px;\">veuillez utilis\u00e9 cette liste pour TM280 TM40 TM140<\/td>\n<\/tr>\n<tr style=\"height: 37px;\">\n<td style=\"width: 49.8788%; border-style: groove; height: 37px;\"><span style=\"color: #0000ff;\"><a style=\"color: #0000ff;\" href=\"https:\/\/mega.nz\/#!cZ4XVIaB!orAozRbZxl59-yv-_l0jyo6CfA3sfVTwK7j8nZBJ-_0\">Chaine \u00e9quivalent\u00a0 pour TM40- TM140- TM280 astra+ nilsat 31-10-2018<\/a><br \/>\n<\/span><\/td>\n<td style=\"width: 50.1212%; height: 37px;\"><img decoding=\"async\" class=\"wp-image-190 alignright\" src=\"http:\/\/sat4update.net\/wp-content\/uploads\/2018\/08\/new2-1.png\" alt=\"\" width=\"47\" height=\"23\" srcset=\"https:\/\/sat4update.net\/wp-content\/uploads\/2018\/08\/new2-1.png 83w, https:\/\/sat4update.net\/wp-content\/uploads\/2018\/08\/new2-1-80x41.png 80w\" sizes=\"(max-width: 47px) 100vw, 47px\" \/>veuillez utilis\u00e9 cette liste pour TM280 TM40 TM140<\/td>\n<\/tr>\n<tr style=\"height: 40px;\">\n<td style=\"width: 49.8788%; border-style: groove; height: 40px;\"><span style=\"color: #0000ff;\"><a style=\"color: #0000ff;\" href=\"http:\/\/sat4update.net\/wp-content\/uploads\/2018\/06\/chaines-TLX100-7200-7500-TS5500-TS2200-astra-nilsat-hotbird-09-06-2018.rar\">chaines \u00e9quivalent pour TLX100- 7200-7500- TS5500-TS2200 astra nilsat hotbird 09-06-2018<\/a><\/span><\/td>\n<td style=\"width: 50.1212%; height: 40px;\">liste des chaines \u00e9quivalent\u00a0 pour Raylan TLX100- 7200- 7500 Redline TS5500 TS2200 &#8230; touts mod\u00e8les qui \u00e0 un CPU\u00a0 SunPlus<\/td>\n<\/tr>\n<tr style=\"height: 61px;\">\n<td style=\"width: 49.8788%; border-style: groove; height: 61px;\"><span style=\"color: #0000ff;\"><a style=\"color: #0000ff;\" href=\"http:\/\/sat4update.net\/wp-content\/uploads\/2020\/02\/channel-list-ok.zip\">channel list ok 03-02-2020<\/a><\/span><\/td>\n<td style=\"width: 50.1212%; height: 61px;\">liste des chaines \u00e9quivalent\u00a0 pour Raylan TLX100- 7200- 7500 Redline <span style=\"font-size: 10pt;\"><img decoding=\"async\" class=\"alignright wp-image-315\" src=\"http:\/\/sat4update.net\/wp-content\/uploads\/2018\/12\/tnew5_e0.gif\" alt=\"\" width=\"49\" height=\"18\" \/><\/span>TS5500 TS2200 &#8230; touts mod\u00e8les qui \u00e0 un CPU SunPlus<\/p>\n<p>\u0647\u0630\u0627 \u0645\u0644\u0641 \u0642\u0646\u0648\u0627\u062a \u0645\u0631\u062a\u0628\u060c \u064a\u0631\u062c\u0649 \u0641\u0643 \u0627\u0644\u0636\u063a\u0637 \u0639\u0646 \u0627\u0644\u0645\u0644\u0641 \u0648\u062a\u0645\u0631\u064a\u0631\u0647 \u0645\u062b\u0644 \u0627\u0644\u062a\u062d\u062f\u064a\u062b<\/td>\n<\/tr>\n<tr style=\"height: 42px;\">\n<td style=\"width: 49.8788%; border-style: groove; height: 42px;\"><span style=\"color: #0000ff;\"><span style=\"font-size: 10pt;\"><a style=\"color: #0000ff;\" href=\"https:\/\/mega.nz\/#!xJ4iVIzD!2fyQ9Ycz3C9CXnjchdgTIgQfOO6ZNy-HfzCwhiZwCjc\">liste des chaine nilsat-hotbird-astra- beoutQ compatible TS2200-TS5500 11-07-2018<\/a><\/span><br \/>\n<\/span><\/td>\n<td style=\"width: 50.1212%; height: 42px;\">liste des chaines pour Redline TS5500 TS2200<\/td>\n<\/tr>\n<tr style=\"height: 21px;\">\n<td style=\"width: 49.8788%; border-style: groove; height: 21px;\"><span style=\"color: #0000ff;\"><span style=\"font-size: 10pt;\"><span style=\"color: #0000ff;\"><a style=\"color: #0000ff;\" href=\"https:\/\/mega.nz\/#!JQI01YrJ!PkVsI2LXF668h55A_skGhO0ABN6AZyXxGgsPFNd8Vq0\">chaine nilsat hotb astra beoutq \u00e9quivalent\u00a0tlx7200 7500 tlx100<\/a><\/span><br \/>\n<\/span><\/span><\/td>\n<td style=\"width: 50.1212%; height: 21px;\">liste des chaines \u00e9quivalent\u00a0pour Raylan TLX100- 7200- 7500<\/td>\n<\/tr>\n<tr style=\"height: 51px;\">\n<td style=\"width: 49.8788%; border-style: groove; height: 51px;\"><span style=\"color: #0000ff;\"><a style=\"color: #0000ff;\" href=\"http:\/\/sat4update.net\/wp-content\/uploads\/2019\/11\/BACKUP_DATA.zip\">chaines nilsat + astra organis\u00e9 compatible et \u00e9quivalent pour android Smart box et Smart box plus 21-11-2019<\/a><\/span><\/td>\n<td style=\"width: 50.1212%; height: 51px;\">liste des chaines \u00e9quivalent\u00a0 pour Raylan Android Smart box et smart box plus.<span style=\"font-size: 10pt;\"><img decoding=\"async\" class=\"alignright wp-image-315\" src=\"http:\/\/sat4update.net\/wp-content\/uploads\/2018\/12\/tnew5_e0.gif\" alt=\"\" width=\"49\" height=\"18\" \/><\/span><\/td>\n<\/tr>\n<tr style=\"height: 20px;\">\n<td style=\"width: 49.8788%; border-style: groove; height: 20px;\"><span style=\"color: #0000ff;\"><span style=\"font-size: 12pt;\"><a style=\"color: #0000ff;\" href=\"https:\/\/mega.nz\/file\/4dRUWCTY#E2SbncnoNxaxw3Hbo0XIji06HM8cjt_ysCPI3jIled0\">chaines compatible et \u00e9quivalent pour TE40- TE140 nil astra hot 03062020.bin <\/a><\/span><br \/>\n<\/span><\/td>\n<td style=\"width: 50.1212%; height: 20px;\">\u0642\u0627\u0626\u0645\u0629 \u0642\u0646\u0648\u0627\u062a \u062e\u0627\u0635\u0629 \u0628\u0627\u0644\u062a\u062d\u062f\u064a\u062b \u0627\u0644\u0627\u062e\u064a\u0631<\/p>\n<p>V055 TE40hd plus &#8211; TE140 hd plus<\/p>\n<p>\u064a\u0631\u062c\u0649 \u0648\u0636\u0639 \u0647\u0630\u0627 \u0627\u0644\u0645\u0644\u0641 \u0641\u064a \u062c\u0630\u0639 \u0641\u0644\u0627\u0634 \u062f\u064a\u0633\u0643 \u0648\u0644\u064a\u0633 \u062f\u0627\u062e\u0644 \u0645\u0644\u0641 \u0644\u064a\u062a\u0639\u0631\u0641 \u0639\u0644\u064a\u0647 \u0627\u0644\u062c\u0647\u0627\u0632<span style=\"font-size: 10pt;\"><img decoding=\"async\" class=\"alignright wp-image-315\" src=\"http:\/\/sat4update.net\/wp-content\/uploads\/2018\/12\/tnew5_e0.gif\" alt=\"\" width=\"49\" height=\"18\" \/><\/span><\/td>\n<\/tr>\n<tr style=\"height: 19px;\">\n<td style=\"width: 49.8788%; border-style: groove; height: 19px;\"><span style=\"color: #0000ff;\"><a href=\"https:\/\/mega.nz\/file\/EJwlUaBA#xNxq5sxaOlTJVJlboFsCaeVXgjKWzDnAqI-UTXROuiE\" style=\"color: #0000ff;\">Chaines compatible et \u00e9quivalent\u00a0 pour TG40- TG140 astra- nil- hotb- w5 organis\u00e9<\/a><\/span><\/td>\n<td style=\"width: 50.1212%; height: 19px;\">\u0642\u0627\u0626\u0645\u0629 \u0642\u0646\u0648\u0627\u062a \u0645\u0631\u062a\u0628\u0629 \u062e\u0627\u0635\u0629 \u0645\u062a\u0648\u0627\u0641\u0642\u0629\u0645\u0639 \u0627\u0644\u062c\u0647\u0627\u0632<\/p>\n<p>TG40- TG140<\/td>\n<\/tr>\n<tr style=\"height: 19px;\">\n<td style=\"width: 49.8788%; border-style: groove; height: 19px;\"><span style=\"color: #0000ff; font-size: 12pt;\"><a href=\"https:\/\/mega.nz\/folder\/dZgH3CaD#j0XOxNlehBixoJAm88L_Yg\" style=\"color: #0000ff;\">liste chaines compatible et \u00e9quivalent\u00a0 pour smart box smart box plus nilsat astra <\/a><br \/>\n<\/span><\/td>\n<td style=\"width: 50.1212%; height: 19px;\">\u0642\u0627\u0626\u0645\u0629 \u0642\u0646\u0648\u0627\u062a \u0645\u0631\u062a\u0628\u0629 \u0645\u062a\u0648\u0627\u0641\u0642\u0629 \u0645\u0639 \u0627\u0644\u062c\u0647\u0627\u0632<\/p>\n<p>smart box &#8211; smart box plus<\/td>\n<\/tr>\n<tr style=\"height: 20px;\">\n<td style=\"width: 49.8788%; border-style: groove; height: 20px;\"><span style=\"color: #0000ff; font-size: 12pt;\"><a style=\"color: #0000ff;\" href=\"http:\/\/sat4update.net\/wp-content\/uploads\/2020\/06\/Channels-RR-YS9-nilsat-astra-hotbird-alcomsat-ok-21052020.zip\">Channels compatible pour l&#8217;\u00e9quivalent\u00a0 RR-YS9 nilsat-astra-hotbird-alcomsat ok 21052020<\/a><\/span><\/td>\n<td style=\"width: 50.1212%; height: 20px;\">\u0642\u0627\u0626\u0645\u0629 \u0642\u0646\u0648\u0627\u062a \u0645\u0631\u062a\u0628\u0629 \u0645\u062a\u0648\u0627\u0641\u0642\u0629 \u0645\u0639 \u0627\u0644\u062c\u0647\u0627\u0632<\/p>\n<p>RR-YS9<\/p>\n<p>\u062d\u0627\u0645\u0644 \u0644\u0644\u0627\u0642\u0645\u0627\u0631 \u0627\u0644\u062a\u0627\u0644\u064a\u0629: \u0627\u0644\u0643\u0648\u0645\u0633\u0627\u062a\u060c \u0646\u064a\u0644\u0633\u0627\u062a\u060c \u0647\u0648\u062a\u0628\u064a\u0631\u062f\u060c \u0627\u0633\u062a\u0631\u0627<\/p>\n<p>\u064a\u0631\u062c\u0649 \u0641\u0643 \u0627\u0644\u0636\u063a\u0637 \u0639\u0644\u0649 \u0627\u0644\u0645\u0644\u0641 \u0628\u0628\u0631\u0646\u0627\u0645\u062c \u0648\u064a\u0646\u0632\u064a\u0628 \u0627\u0648 \u0648\u064a\u0646\u0631\u0627\u0631<\/p>\n<p>winzip &#8211; winrar<br \/>\n<span style=\"font-size: 10pt;\"><img decoding=\"async\" class=\"alignright wp-image-315\" src=\"http:\/\/sat4update.net\/wp-content\/uploads\/2018\/12\/tnew5_e0.gif\" alt=\"\" width=\"49\" height=\"18\" \/><\/span><\/td>\n<\/tr>\n<\/tbody>\n<\/table>\n","protected":false},"excerpt":{"rendered":"<p>Loader &#8211; guide MODEL dragon compatible et \u00e9quivalent pour model: TM40-TM140- TM280- TE40- TE140 utilis\u00e9 pour model TM40- TM140 -TE40 HD plus- TE140- veuillez suivre le guide. guide loader dragon \u00e9quivalent pour\u00a0 TM40-TM140 guide loader Dragon TM40-TM140 (CPU MT6001) guide &hellip; <a href=\"https:\/\/sat4update.net\/?page_id=36\">Lire la suite\u00ad\u00ad<\/a><\/p>\n","protected":false},"author":1,"featured_media":0,"parent":0,"menu_order":12,"comment_status":"closed","ping_status":"closed","template":"","meta":{"_acf_changed":false,"_monsterinsights_skip_tracking":false,"_monsterinsights_sitenote_active":false,"_monsterinsights_sitenote_note":"","_monsterinsights_sitenote_category":0,"footnotes":""},"class_list":["post-36","page","type-page","status-publish","hentry"],"acf":[],"aioseo_notices":[],"jetpack_sharing_enabled":true,"_links":{"self":[{"href":"https:\/\/sat4update.net\/index.php?rest_route=\/wp\/v2\/pages\/36","targetHints":{"allow":["GET"]}}],"collection":[{"href":"https:\/\/sat4update.net\/index.php?rest_route=\/wp\/v2\/pages"}],"about":[{"href":"https:\/\/sat4update.net\/index.php?rest_route=\/wp\/v2\/types\/page"}],"author":[{"embeddable":true,"href":"https:\/\/sat4update.net\/index.php?rest_route=\/wp\/v2\/users\/1"}],"replies":[{"embeddable":true,"href":"https:\/\/sat4update.net\/index.php?rest_route=%2Fwp%2Fv2%2Fcomments&post=36"}],"version-history":[{"count":45,"href":"https:\/\/sat4update.net\/index.php?rest_route=\/wp\/v2\/pages\/36\/revisions"}],"predecessor-version":[{"id":1341,"href":"https:\/\/sat4update.net\/index.php?rest_route=\/wp\/v2\/pages\/36\/revisions\/1341"}],"wp:attachment":[{"href":"https:\/\/sat4update.net\/index.php?rest_route=%2Fwp%2Fv2%2Fmedia&parent=36"}],"curies":[{"name":"wp","href":"https:\/\/api.w.org\/{rel}","templated":true}]}}