{"id":3567,"date":"2026-02-26T13:37:13","date_gmt":"2026-02-26T12:37:13","guid":{"rendered":"https:\/\/sat4update.net\/?page_id=3567"},"modified":"2026-02-26T14:41:00","modified_gmt":"2026-02-26T13:41:00","slug":"dump-tv","status":"publish","type":"page","link":"https:\/\/sat4update.net\/?page_id=3567","title":{"rendered":"Dump TV"},"content":{"rendered":"<style type=\"text\/css\">\r\n\t.ads_top_disp{}\r\n\t.ads_top_corner_disp{ float:left; margin:0px 10px 10px 0px; }\r\n\t.ads_first_p_disp{}\r\n\t.ads_bottom_disp{}\r\n\t<\/style><p style=\"direction: rtl;\"><strong><span style=\"font-size: 12pt;\">* \u062f\u0627\u0645\u0628\u0627\u062a \u0623\u062c\u0647\u0632\u0629 \u0627\u0644\u062a\u0644\u0641\u0627\u0632 DUMP LED TV :\u00a0<\/span><img decoding=\"async\" class=\"size-full wp-image-333 aligncenter\" src=\"http:\/\/sat4update.net\/wp-content\/uploads\/2018\/12\/Devices-video-television-icon.png\" alt=\"\" width=\"128\" height=\"128\" srcset=\"https:\/\/sat4update.net\/wp-content\/uploads\/2018\/12\/Devices-video-television-icon.png 128w, https:\/\/sat4update.net\/wp-content\/uploads\/2018\/12\/Devices-video-television-icon-100x100.png 100w\" sizes=\"(max-width: 128px) 100vw, 128px\" \/><\/strong><\/p>\n<table style=\"border-collapse: collapse; width: 100%; height: 160px;\" border=\"1\">\n<tbody>\n<tr style=\"height: 20px;\">\n<td style=\"width: 46.6089%; text-align: center; height: 20px;\"><span style=\"color: #000000;\"><strong><span style=\"font-size: 12pt;\">Model<\/span><\/strong><\/span><\/td>\n<td style=\"width: 53.3911%; text-align: center; height: 20px;\"><span style=\"color: #000000;\"><strong><span style=\"font-size: 12pt;\">DUMP<\/span><\/strong><\/span><\/td>\n<\/tr>\n<tr style=\"height: 20px;\">\n<td style=\"width: 46.6089%; height: 20px;\"><strong>\u00e9quivalent Raylan HRT-H32E190<\/strong><\/td>\n<td style=\"width: 53.3911%; height: 20px;\"><span style=\"color: #ff0000;\"><a style=\"color: #ff0000;\" href=\"http:\/\/sat4update.net\/wp-content\/uploads\/2021\/02\/RT-H32E190.zip.zip\">RT-H32E190.zip<\/a><\/span><\/td>\n<\/tr>\n<tr style=\"height: 20px;\">\n<td style=\"width: 46.6089%; height: 20px;\"><strong>\u00e9quivalent Raylan 43D180S2<\/strong><\/td>\n<td style=\"width: 53.3911%; height: 20px;\"><span style=\"color: #ff0000;\"><a style=\"color: #ff0000;\" href=\"http:\/\/sat4update.net\/wp-content\/uploads\/2021\/02\/raylan-R-T-F43D180S23-main-board-MS3463-panel-LG-BOS2ALVF430LGXE0197.zip\">raylan R-T-F43D180S23 main board MS3463 panel LG BOS2ALVF430LGXE0197<\/a><\/span><\/td>\n<\/tr>\n<tr style=\"height: 20px;\">\n<td style=\"width: 46.6089%; height: 20px;\"><strong>\u00e9quivalent\u00a0Raylan T32-D150<\/strong><\/td>\n<td style=\"width: 53.3911%; height: 20px;\"><span style=\"color: #ff0000;\"><a style=\"color: #ff0000;\" href=\"https:\/\/mega.nz\/#!wEhQ3aqY!89gX2GcMHD4HScPVuNx0Z9-cr2fDSxgJOHKDuL2L8f4\">T32-D150 25L3206E main board SHS2404A-101S DLBB370 REV4.0<\/a><br \/>\n<\/span><\/td>\n<\/tr>\n<tr style=\"height: 40px;\">\n<td style=\"width: 46.6089%; height: 40px;\"><strong>\u00e9quivalent Raylan LCD42 84682-42<\/strong><\/td>\n<td style=\"width: 53.3911%; height: 40px;\"><span style=\"color: #ff0000;\"><a style=\"color: #ff0000;\" href=\"http:\/\/sat4update.net\/wp-content\/uploads\/2021\/02\/raylan-vestel-42-pouces-model-84682-42-CM-17mb35-panel-samasung-LTA460HA07.zip.zip\">raylan vestel 42 pouces model 84682-42 CM 17mb35 panel samasung LTA460HA07.zip<\/a><\/span><\/td>\n<\/tr>\n<tr style=\"height: 20px;\">\n<td style=\"width: 46.6089%; height: 20px;\"><strong>\u00e9quivalent Raylan Cal32H<\/strong><\/td>\n<td style=\"width: 53.3911%; height: 20px;\"><span style=\"color: #ff0000;\"> <a style=\"color: #ff0000;\" href=\"http:\/\/sat4update.net\/wp-content\/uploads\/2024\/08\/cal32-pcb-juc7.820.00280692-panel-c320y19.rar\">cal32 pcb juc7.820.00280692 panel c320y19<\/a><\/span><\/td>\n<\/tr>\n<\/tbody>\n<\/table>\n<p style=\"direction: rtl;\"><span style=\"font-size: 12pt;\"><strong>*\u062a\u062d\u062f\u064a\u062b\u0627\u062a \u0623\u062c\u0647\u0632\u0629 \u0627\u0644\u062a\u0644\u0641\u0627\u0632 Mise \u00e0 jour LED TV \u0639\u0646 \u0637\u0631\u064a\u0642 USB:<\/strong><\/span><\/p>\n<p style=\"direction: rtl;\">\u0641\u064a \u062d\u0627\u0644\u0629 \u062a\u0648\u0642\u0641 \u062c\u0647\u0627\u0632 \u0627\u0644\u062a\u0644\u0641\u0627\u0632 \u0639\u0646 \u0627\u0644\u0639\u0645\u0644 \u0641\u064a \u0644\u0648\u063a\u0648 \u0627\u0648 \u0636\u0648\u0621 \u0627\u062d\u0645\u0631 \u0623\u0648 \u0627\u064a \u0645\u0634\u0643\u0644\u0629 \u062a\u062a\u0639\u0644\u0642 \u0628\u0627\u0644\u0633\u0648\u0641\u062a\u060c \u064a\u0645\u0643\u0646 \u0644\u0643\u0645 \u0625\u0639\u0627\u062f\u0629 \u062a\u062d\u062f\u064a\u062b \u0627\u0644\u062a\u0644\u0641\u0627\u0632 \u0639\u0646 \u0637\u0631\u064a\u0642 USB:<\/p>\n<table style=\"border-collapse: collapse; width: 100%; height: 627px;\" border=\"1\">\n<tbody>\n<tr style=\"height: 20px;\">\n<td style=\"width: 46.0889%; text-align: center; height: 20px;\"><span style=\"color: #000000;\"><strong><span style=\"font-size: 12pt;\">Model<\/span><\/strong><\/span><\/td>\n<td style=\"width: 53.9111%; text-align: center; height: 20px;\"><span style=\"color: #000000;\"><strong><span style=\"font-size: 12pt;\">SW PAR &#8220;USB&#8221;<\/span><\/strong><\/span><\/td>\n<\/tr>\n<tr style=\"height: 39px;\">\n<td style=\"width: 46.0889%; height: 39px;\"><span style=\"color: #000000;\"><strong>\u00e9quivalent\u00a0Raylan LED 78C-C800 Smart<\/strong><\/span><\/td>\n<td style=\"width: 53.9111%; height: 39px;\"><strong><span style=\"color: #ff0000; font-size: 10pt;\"><a style=\"color: #ff0000;\" href=\"https:\/\/mega.nz\/#!oFAXmC7Y!xtf0WGEabPI4exvhEEJmPItcTOu4crIuNps2KQUjfW0\">78C-C800 SMART<\/a><\/span><\/strong><\/td>\n<\/tr>\n<tr style=\"height: 19px;\">\n<td style=\"width: 46.0889%; height: 19px;\"><span style=\"color: #000000;\"><strong>\u00e9quivalent\u00a0Raylan LED 65C-Z800 Smart<\/strong><\/span><\/td>\n<td style=\"width: 53.9111%; height: 19px;\"><strong><span style=\"color: #ff0000; font-size: 10pt;\"><a style=\"color: #ff0000;\" href=\"https:\/\/mega.nz\/#!0Z4kyQpK!W4TkPvGI9Cg6a-Zfhr0MpHCIXh9qK6-d-tFH3yKlc_s\">65C-Z800 SMART<\/a><\/span><\/strong><\/td>\n<\/tr>\n<tr style=\"height: 19px;\">\n<td style=\"width: 46.0889%; height: 19px;\"><span style=\"color: #000000;\"><strong>\u00e9quivalent\u00a0Raylan LED 49C-T700 Smart<\/strong><\/span><\/td>\n<td style=\"width: 53.9111%; height: 19px;\"><strong><span style=\"color: #ff0000; font-size: 10pt;\"><a style=\"color: #ff0000;\" href=\"https:\/\/mega.nz\/#!1ZpUXCRL!lDQAIZGg9S127gk1IPxGuhlcq5P2jJyTu12mjd89KWw\">49C-T700 SMART<\/a><\/span><\/strong><\/td>\n<\/tr>\n<tr style=\"height: 19px;\">\n<td style=\"width: 46.0889%; height: 19px;\"><span style=\"color: #000000;\"><strong>\u00e9quivalent\u00a0Raylan LED 49C-T700<\/strong><\/span><\/td>\n<td style=\"width: 53.9111%; height: 19px;\"><strong><span style=\"color: #ff0000; font-size: 10pt;\"><a style=\"color: #ff0000;\" href=\"https:\/\/mega.nz\/#!lMgG0KgY!Lk2xXpnOUHBvOA_oRrkEO7m6BhOYZghMP7S6nH1mhb0\">49C-T700<\/a><\/span><\/strong><\/td>\n<\/tr>\n<tr style=\"height: 19px;\">\n<td style=\"width: 46.0889%; height: 19px;\"><span style=\"color: #000000;\"><strong>\u00e9quivalent\u00a0Raylan LED\u00a043C-T700 Smart <\/strong><\/span><\/td>\n<td style=\"width: 53.9111%; height: 19px;\"><strong><span style=\"color: #ff0000; font-size: 10pt;\"><a style=\"color: #ff0000;\" href=\"https:\/\/mega.nz\/#!9NpAHaoY!JEbas3RLTnPgvZ-uXVcaBT38_mCMrj8xbPKUGtsPfL4\">43C-T700 SMART<\/a><\/span><\/strong><\/td>\n<\/tr>\n<tr style=\"height: 19px;\">\n<td style=\"width: 46.0889%; height: 19px;\"><span style=\"color: #000000;\"><strong>\u00e9quivalent\u00a0Raylan LED 39C-K600 Smart<\/strong><\/span><\/td>\n<td style=\"width: 53.9111%; height: 19px;\"><strong><span style=\"color: #ff0000; font-size: 10pt;\"><a style=\"color: #ff0000;\" href=\"https:\/\/mega.nz\/#!5JgByABA!3QGyTjLh20l7N3g7WE00S2xQFndZ__GKJFX-g_LU1BI\">39C-K600 SMART<\/a><\/span><\/strong><\/td>\n<\/tr>\n<tr style=\"height: 19px;\">\n<td style=\"width: 46.0889%; height: 19px;\"><span style=\"color: #000000;\"><strong>\u00e9quivalent\u00a0Raylan LED 39C-K600\u00a0<\/strong><\/span><\/td>\n<td style=\"width: 53.9111%; height: 19px;\"><strong><span style=\"color: #ff0000; font-size: 10pt;\"><a style=\"color: #ff0000;\" href=\"https:\/\/mega.nz\/#!IQAEVCQZ!xqOYu03wizBlJIK3JKhyXAZ4H3vjhbPT40OMe_cTuJw\">39C-K600<\/a><\/span><\/strong><\/td>\n<\/tr>\n<tr style=\"height: 19px;\">\n<td style=\"width: 46.0889%; height: 19px;\"><span style=\"color: #000000;\"><strong>\u00e9quivalent\u00a0Raylan LED 32C-K600 Smart<\/strong><\/span><\/td>\n<td style=\"width: 53.9111%; height: 19px;\"><strong><span style=\"color: #ff0000; font-size: 10pt;\"><a style=\"color: #ff0000;\" href=\"https:\/\/mega.nz\/#!FIJWQahD!nMPjVdeZ3AJDpjS5NxLggocCQ3Qc6WFXbYJ0WTflsCw\">32C-K600 SMART<\/a><\/span><\/strong><\/td>\n<\/tr>\n<tr style=\"height: 19px;\">\n<td style=\"width: 46.0889%; height: 19px;\"><span style=\"color: #000000;\"><strong>\u00e9quivalent\u00a0Raylan LED 32C-K600\u00a0<\/strong><\/span><\/td>\n<td style=\"width: 53.9111%; height: 19px;\"><strong><span style=\"color: #ff0000; font-size: 10pt;\"><a style=\"color: #ff0000;\" href=\"https:\/\/mega.nz\/#!FRJiEAoT!KBPfY9OYbKXHtRxvLIi5M0FFoo341w0_qNADeDLVbPQ\">32C-K600<\/a><\/span><\/strong><\/td>\n<\/tr>\n<tr style=\"height: 19px;\">\n<td style=\"width: 46.0889%; height: 19px;\"><span style=\"color: #000000;\"><strong>\u00e9quivalent\u00a0Raylan LED RT-H32\u2019\u2019D180<\/strong><\/span><\/td>\n<td style=\"width: 53.9111%; height: 19px;\"><strong><span style=\"color: #ff0000; font-size: 10pt;\"><a style=\"color: #ff0000;\" href=\"https:\/\/mega.nz\/#!4YRxUIbB!fBzDLhi73d9Itm--b3KGu6VuFWCY8vywtVd3cHwDjTg\">RT-H32\u2019\u2019D180<\/a><br \/>\n<\/span><\/strong><\/td>\n<\/tr>\n<tr style=\"height: 19px;\">\n<td style=\"width: 46.0889%; height: 19px;\"><span style=\"color: #000000;\"><strong>\u00e9quivalent\u00a0Raylan LED RT-F43\u2019\u2019D180<\/strong><\/span><\/td>\n<td style=\"width: 53.9111%; height: 19px;\"><strong><span style=\"color: #ff0000; font-size: 10pt;\"><a style=\"color: #ff0000;\" href=\"https:\/\/mega.nz\/#!BRR3FSZA!24wdiibmI8Q-8T8mZxk1FE9exx1q_SlBqhcJgZwMlbk\">RT-F43\u2019\u2019D180<\/a><br \/>\n<\/span><\/strong><\/td>\n<\/tr>\n<tr style=\"height: 19px;\">\n<td style=\"width: 46.0889%; height: 19px;\"><span style=\"color: #000000;\"><strong>\u00e9quivalent\u00a0Raylan LED RT-F49\u2019\u2019S D180<\/strong><\/span><\/td>\n<td style=\"width: 53.9111%; height: 19px;\"><strong><span style=\"color: #ff0000; font-size: 10pt;\"><a style=\"color: #ff0000;\" href=\"https:\/\/mega.nz\/#!cIIhGIzB!v7yIaT8N05s0kZSE_Tezq3ytBY-hicnRnHNmcNz_v5Y\">RT-F49\u2019\u2019S D180<\/a><br \/>\n<\/span><\/strong><\/td>\n<\/tr>\n<tr style=\"height: 19px;\">\n<td style=\"width: 46.0889%; height: 19px;\"><span style=\"color: #000000;\"><strong>\u00e9quivalent\u00a0Raylan LED RT-U43\u2019\u2019S D180<\/strong><\/span><\/td>\n<td style=\"width: 53.9111%; height: 19px;\"><strong><span style=\"color: #ff0000; font-size: 10pt;\"><a style=\"color: #ff0000;\" href=\"https:\/\/mega.nz\/#!oAA0CayB!jsuavb1l9lioM7enxAFWrH0ZoukLQoK3Chm7Bo2IrvM\">RT-U43\u2019\u2019S D180<\/a><br \/>\n<\/span><\/strong><\/td>\n<\/tr>\n<tr style=\"height: 18px;\">\n<td style=\"width: 46.0889%; height: 18px;\"><span style=\"color: #000000;\"><strong>\u00e9quivalent\u00a0Raylan LED RT-U49\u2019\u2019S D180<\/strong><\/span><\/td>\n<td style=\"width: 53.9111%; height: 18px;\"><strong><span style=\"color: #ff0000; font-size: 10pt;\"><a style=\"color: #ff0000;\" href=\"https:\/\/mega.nz\/#!5cYQhawB!MNyFH-Qk0cikitSCrQqShZEskm3hGSA1w-HzEXkgEBY\">RT-U49\u2019\u2019S D180<\/a><br \/>\n<\/span><\/strong><\/td>\n<\/tr>\n<tr style=\"height: 19px;\">\n<td style=\"width: 46.0889%; height: 19px;\"><span style=\"color: #000000;\"><strong>\u00e9quivalent\u00a0Raylan LED RT-E55\u2019\u2019S P180<\/strong><\/span><\/td>\n<td style=\"width: 53.9111%; height: 19px;\"><strong><span style=\"color: #ff0000; font-size: 10pt;\"><a style=\"color: #ff0000;\" href=\"https:\/\/mega.nz\/#!ZNQCWIjD!tZt6H1ScPX01izPqaIdE5ALWIne_CV9k1ShDsN2v5nE\">RT-E55\u2019\u2019S P180<\/a><br \/>\n<\/span><\/strong><\/td>\n<\/tr>\n<tr style=\"height: 19px;\">\n<td style=\"width: 46.0889%; height: 19px;\"><span style=\"color: #000000;\"><strong>\u00e9quivalent\u00a0Raylan LED RT-U55\u2019\u2019S D180<\/strong><\/span><\/td>\n<td style=\"width: 53.9111%; height: 19px;\"><strong><span style=\"color: #ff0000; font-size: 10pt;\"><a style=\"color: #ff0000;\" href=\"https:\/\/mega.nz\/#!1BJSDKpJ!80n6BCHEkEoZxeARWlcg4B8E6CcqmTG5D2JTSu3IFrw\">RT-U55\u2019\u2019S D180<\/a><br \/>\n<\/span><\/strong><\/td>\n<\/tr>\n<tr style=\"height: 18px;\">\n<td style=\"width: 46.0889%; height: 24px;\"><span style=\"color: #000000;\"><strong>\u00e9quivalent\u00a0Raylan LED RT-F43&#8243;S D180<\/strong><\/span><\/td>\n<td style=\"width: 53.9111%; height: 24px;\"><strong><span style=\"color: #ff0000; font-size: 10pt;\"><a style=\"color: #ff0000;\" href=\"https:\/\/mega.nz\/file\/ZQ5lGRRJ#SjpRr_8Hd0bD73TdsSFbaoAHk7HvZAJ7kC9PHU3SbOQ\">RT-F43S D180<\/a><br \/>\n<\/span><\/strong><\/td>\n<\/tr>\n<tr style=\"height: 20px;\">\n<td style=\"width: 46.0889%; height: 20px;\"><span style=\"color: #000000;\"><strong>\u00e9quivalent Raylan LED RT-U50&#8243; E190<\/strong><\/span><\/td>\n<td style=\"width: 53.9111%; height: 20px;\"><strong><span style=\"font-size: 10pt; color: #ff0000;\"><a style=\"color: #ff0000;\" title=\"RT-U50E190 - RT-U65E190\" href=\"https:\/\/mega.nz\/file\/9IwAXRaZ#9eWxva8o8EmzXz_aPYZAzSP-cw1CbsyGhX_4NvbyoTk\">RT-U50E190 &#8211; <\/a><a style=\"color: #ff0000;\" title=\"RT-U50E190 - RT-U65E190\" href=\"https:\/\/mega.nz\/file\/9IwAXRaZ#9eWxva8o8EmzXz_aPYZAzSP-cw1CbsyGhX_4NvbyoTk\">RT-U55E190<\/a> <a style=\"color: #ff0000;\" href=\"https:\/\/mega.nz\/file\/9IwAXRaZ#9eWxva8o8EmzXz_aPYZAzSP-cw1CbsyGhX_4NvbyoTk\">&#8211; RT-U65E190<\/a><\/span><\/strong><\/td>\n<\/tr>\n<tr style=\"height: 20px;\">\n<td style=\"width: 46.0889%; height: 20px;\"><span style=\"color: #000000;\"><strong>\u00e9quivalent Raylan LED Cal43S<\/strong><\/span><\/td>\n<td style=\"width: 53.9111%; height: 20px;\"><strong><span style=\"color: #ff0000; font-size: 10pt;\"><a style=\"color: #ff0000;\" href=\"https:\/\/mega.nz\/file\/UwBBSTRY#QNNYMB7SH9ktcSjZFf5bxl2eP6-pu0ckW3GjDYijO_0\">RT-CAL43S<\/a><\/span><\/strong><\/td>\n<\/tr>\n<tr style=\"height: 20px;\">\n<td style=\"width: 46.0889%; height: 20px;\"><span style=\"color: #000000;\"><strong>\u00e9quivalent Raylan LED Cal43S+<\/strong><\/span><\/td>\n<td style=\"width: 53.9111%; height: 20px;\"><strong><span style=\"color: #ff0000; font-size: 10pt;\"><a style=\"color: #ff0000;\" href=\"https:\/\/mega.nz\/file\/wsp0FLYS#IgwEzjVWNKLfw6Pt-G_xJfd3zf3q_FaE2ZAmDyn_iaY\">RT-CAL43S+<\/a><\/span><\/strong><\/td>\n<\/tr>\n<tr style=\"height: 20px;\">\n<td style=\"width: 46.0889%; height: 20px;\"><span style=\"color: #000000;\"><strong>\u00e9quivalent Raylan LED Cal32S<\/strong><\/span><\/td>\n<td style=\"width: 53.9111%; height: 20px;\"><strong><span style=\"color: #ff0000; font-size: 10pt;\"><a style=\"color: #ff0000;\" href=\"https:\/\/mega.nz\/file\/shRCxT7B#2RaAMok1-LWmk6v_PkeqDm8eZzun4-EJOy5jrUL9yis\">RT-CAL32S<\/a><br \/>\n<\/span><\/strong><\/td>\n<\/tr>\n<tr style=\"height: 20px;\">\n<td style=\"width: 46.0889%; height: 20px;\"><span style=\"color: #000000;\"><strong>\u00e9quivalent Raylan LED Cal32S+<\/strong><\/span><\/td>\n<td style=\"width: 53.9111%; height: 20px;\"><strong><span style=\"color: #ff0000; font-size: 10pt;\"><a style=\"color: #ff0000;\" href=\"https:\/\/mega.nz\/file\/ltx3DYLJ#SwIHKvrKNBpSK-qRsNe98lxUPuis-ooM76bjhRrysdU\">RT-CAL32S+<\/a><\/span><\/strong><\/td>\n<\/tr>\n<tr style=\"height: 20px;\">\n<td style=\"width: 46.0889%; height: 20px;\"><span style=\"color: #000000;\"><strong>\u00e9quivalent Raylan LED RT\/UCal50S<\/strong><\/span><\/td>\n<td style=\"width: 53.9111%; height: 20px;\"><strong><span style=\"color: #ff0000; font-size: 10pt;\"><a style=\"color: #ff0000;\" href=\"https:\/\/mega.nz\/file\/Rogm2DxQ#v5JufFF3cq-v5ptdc6aiPPSk7Id2MrUsuGt94os_pU0\">RT\/U-CAL50S<\/a><\/span><\/strong><\/td>\n<\/tr>\n<tr style=\"height: 20px;\">\n<td style=\"width: 46.0889%; height: 20px;\"><span style=\"color: #000000;\"><strong>\u00e9quivalent Raylan LED R\/T-FS43E210<\/strong><\/span><\/td>\n<td style=\"width: 53.9111%; height: 20px;\"><strong><span style=\"color: #ff0000; font-size: 10pt;\"><a style=\"color: #ff0000;\" href=\"https:\/\/mega.nz\/file\/Z5YlHQCT#yIFDcklJ6MNQAtbIBKSfmr5oUarTJktJGxuzgrAGC5g\">R\/T-FS43E210<\/a><\/span><\/strong><\/td>\n<\/tr>\n<tr style=\"height: 20px;\">\n<td style=\"width: 46.0889%; height: 20px;\"><span style=\"color: #000000;\"><strong>\u00e9quivalent Raylan LED R\/T-US50E210<\/strong><\/span><\/td>\n<td style=\"width: 53.9111%; height: 20px;\"><strong><span style=\"color: #ff0000; font-size: 10pt;\"><a style=\"color: #ff0000;\" href=\"https:\/\/mega.nz\/file\/l8wDUACQ#qqQMo1zR6tXv0p21qjlpeW0ot2kA2hwNjVq3_mqFDhg\">R\/T-US50E210<\/a><\/span><\/strong><\/td>\n<\/tr>\n<tr style=\"height: 20px;\">\n<td style=\"width: 46.0889%; height: 20px;\"><strong><span style=\"color: #000000;\">\u00e9quivalent Raylan LED Cal32S++<\/span><\/strong><\/td>\n<td style=\"width: 53.9111%; height: 20px;\"><a href=\"https:\/\/mega.nz\/folder\/44QBxJ7Q#puKkGjOq_VS2_Kc4H6i4Cw\"><strong><span style=\"color: #ff0000; font-size: 10pt;\">R\/T-Cal32S++<\/span><\/strong><\/a><\/td>\n<\/tr>\n<tr style=\"height: 20px;\">\n<td style=\"width: 46.0889%; height: 20px;\"><strong><span style=\"color: #000000;\">\u00e9quivalent Raylan LED Cal43S++<br \/>\n<\/span><\/strong><\/td>\n<td style=\"width: 53.9111%; height: 20px;\"><a href=\"https:\/\/mega.nz\/folder\/Fw4mHbrR#0a45JgxVGfkpLWY1lPu1Ug\"><strong><span style=\"color: #ff0000; font-size: 10pt;\"> R\/T-Cal43S++<\/span><\/strong><\/a><\/td>\n<\/tr>\n<tr style=\"height: 20px;\">\n<td style=\"width: 46.0889%; height: 20px;\"><strong><span style=\"color: #000000;\">\u00e9quivalent Raylan LED RTUQ-Cal50G-55G-65G<br \/>\n<\/span><\/strong><\/td>\n<td style=\"width: 53.9111%; height: 20px;\"><a href=\"https:\/\/mega.nz\/folder\/Ysxm3TiC#p7vaZG-vaG2cbt0ruEJHdg\"><strong><span style=\"color: #ff0000; font-size: 10pt;\"> R\/T-UQ-Cal50G-55G-65G<\/span><\/strong><\/a><\/td>\n<\/tr>\n<tr style=\"height: 20px;\">\n<td style=\"width: 46.0889%; height: 20px;\"><strong><span style=\"color: #000000;\">\u00e9quivalent Raylan LED RTUQ-Cal70<\/span><\/strong><\/td>\n<td style=\"width: 53.9111%; height: 20px;\"><a href=\"https:\/\/mega.nz\/folder\/Q0pwQaKL#e8cczGCl-CSZF5OexS-gbA\"><strong><span style=\"color: #ff0000; font-size: 10pt;\"> R\/T-UQ-Cal70<\/span><\/strong><\/a><\/td>\n<\/tr>\n<tr style=\"height: 20px;\">\n<td style=\"width: 46.0889%; height: 20px;\"><strong><span style=\"color: #000000;\">\u00e9quivalent Raylan LED Cal32<\/span><\/strong><\/td>\n<td style=\"width: 53.9111%; height: 20px;\"><span style=\"color: #ff0000;\"><strong><span style=\"font-size: 10pt;\"> <a style=\"color: #ff0000;\" href=\"https:\/\/mega.nz\/file\/FxJBQDYA#9KwBfIqGgMs68Av3BDAkTM_x4fMnHNBWHICQGwrNYjE\">R\/T-Cal32<\/a><br \/>\n<a style=\"color: #ff0000;\" href=\"https:\/\/mega.nz\/file\/1lIhBagB#5kKk7eCTkb4UgWC1S2hU0_epgBsPhmskLoOyJMBJg5Y\">R\/T-CAL 32<\/a><br \/>\n<a style=\"color: #ff0000;\" href=\"https:\/\/mega.nz\/file\/894WHTTD#MUh0tRxKZtMQb6WcQbj1KMSe249RlHgUpD5u4sLHcsU\">R\/T-CAL 32<\/a><br \/>\n<\/span><\/strong><\/span><a href=\"https:\/\/sat4update.net\/wp-content\/uploads\/dlm_uploads\/2026\/02\/dump-cal32-pcb-juc7.820.00280692-panel-c320y19.rar\"><span style=\"color: #ff0000;\"><strong><span style=\"font-size: 10pt;\">RT\/H-CAL32 pcb juc7.820.00280692 panel c320y19<\/span><\/strong><\/span><\/a><\/td>\n<\/tr>\n<tr style=\"height: 20px;\">\n<td style=\"width: 46.0889%; height: 20px;\"><strong><span style=\"color: #000000;\">\u00e9quivalent Raylan LED Cal43<\/span><\/strong><\/td>\n<td style=\"width: 53.9111%; height: 20px;\"><span style=\"color: #ff0000;\"><strong><span style=\"font-size: 10pt;\"> <a style=\"color: #ff0000;\" href=\"https:\/\/mega.nz\/file\/p8pGGIKZ#nHSn5Ai2Dk1G2Ox_3YKiaU2sgpR3805TC_35SkvAB8w\">R\/T-Cal43<\/a><br \/>\nR\/T-<a style=\"color: #ff0000;\" title=\"CAL 43\" href=\"https:\/\/mega.nz\/file\/50A3kaJa#UM_fC1QGgXL7M6_56FV_QTzHgBexDGLQfcC2CmdCNAU\">CAL 43<\/a><\/span><\/strong><\/span><span style=\"color: #ff0000;\"><a style=\"color: #ff0000;\" href=\"https:\/\/mega.nz\/file\/9woUDSqA#kLufhBOykH89gO_mgjM4lzStrEmNCHeMwRM6zZjUd-U\">R\/T-CAL43<\/a><\/span><\/td>\n<\/tr>\n<\/tbody>\n<\/table>\n<p>&nbsp;<\/p>\n","protected":false},"excerpt":{"rendered":"<p>* \u062f\u0627\u0645\u0628\u0627\u062a \u0623\u062c\u0647\u0632\u0629 \u0627\u0644\u062a\u0644\u0641\u0627\u0632 DUMP LED TV :\u00a0 Model DUMP \u00e9quivalent Raylan HRT-H32E190 RT-H32E190.zip \u00e9quivalent Raylan 43D180S2 raylan R-T-F43D180S23 main board MS3463 panel LG BOS2ALVF430LGXE0197 \u00e9quivalent\u00a0Raylan T32-D150 T32-D150 25L3206E main board SHS2404A-101S DLBB370 REV4.0 \u00e9quivalent Raylan LCD42 84682-42 raylan vestel &hellip; <a href=\"https:\/\/sat4update.net\/?page_id=3567\">Lire la suite\u00ad\u00ad<\/a><\/p>\n","protected":false},"author":2,"featured_media":0,"parent":0,"menu_order":0,"comment_status":"closed","ping_status":"closed","template":"","meta":{"_acf_changed":false,"_monsterinsights_skip_tracking":false,"_monsterinsights_sitenote_active":false,"_monsterinsights_sitenote_note":"","_monsterinsights_sitenote_category":0,"footnotes":""},"class_list":["post-3567","page","type-page","status-publish","hentry"],"acf":[],"aioseo_notices":[],"jetpack_sharing_enabled":true,"_links":{"self":[{"href":"https:\/\/sat4update.net\/index.php?rest_route=\/wp\/v2\/pages\/3567","targetHints":{"allow":["GET"]}}],"collection":[{"href":"https:\/\/sat4update.net\/index.php?rest_route=\/wp\/v2\/pages"}],"about":[{"href":"https:\/\/sat4update.net\/index.php?rest_route=\/wp\/v2\/types\/page"}],"author":[{"embeddable":true,"href":"https:\/\/sat4update.net\/index.php?rest_route=\/wp\/v2\/users\/2"}],"replies":[{"embeddable":true,"href":"https:\/\/sat4update.net\/index.php?rest_route=%2Fwp%2Fv2%2Fcomments&post=3567"}],"version-history":[{"count":4,"href":"https:\/\/sat4update.net\/index.php?rest_route=\/wp\/v2\/pages\/3567\/revisions"}],"predecessor-version":[{"id":3808,"href":"https:\/\/sat4update.net\/index.php?rest_route=\/wp\/v2\/pages\/3567\/revisions\/3808"}],"wp:attachment":[{"href":"https:\/\/sat4update.net\/index.php?rest_route=%2Fwp%2Fv2%2Fmedia&parent=3567"}],"curies":[{"name":"wp","href":"https:\/\/api.w.org\/{rel}","templated":true}]}}